{"id":348,"date":"2017-11-09T19:10:12","date_gmt":"2017-11-10T00:10:12","guid":{"rendered":"https:\/\/www.lespecialisteduvtt.com\/?page_id=348"},"modified":"2019-10-11T09:48:48","modified_gmt":"2019-10-11T13:48:48","slug":"pieces","status":"publish","type":"page","link":"https:\/\/www.lespecialisteduvtt.com\/fr\/pieces\/","title":{"rendered":"Pi\u00e8ces et accessoires"},"content":{"rendered":"<p>Votre v\u00e9hicule r\u00e9cr\u00e9atif sera aux anges si vous lui fournissez une pi\u00e8ce ou un accessoire de notre inventaire. Nous disposons de tout le n\u00e9cessaire pour l&#8217;embellir, l&rsquo;am\u00e9liorer ou le r\u00e9parer. De m\u00eame, nous avons tout l&rsquo;\u00e9quipement dont vous allez avoir besoin pour piloter avec style et s\u00e9curit\u00e9.<\/p>\n<p>Parcourez donc sans plus attendre notre <a href=\"https:\/\/shop.lespecialisteduvtt.com\" target=\"_blank\" rel=\"noopener noreferrer\">large gamme de produits de qualit\u00e9<\/a>. Vous serez \u00e9poustoufl\u00e9 par la quantit\u00e9 ainsi que nos prix qui sont parmi les plus attractifs du march\u00e9. Le moment est arriv\u00e9 pour vous \u00e9quiper d&rsquo;accessoires dernier-cri!<\/p>\n<div class=\"textMore\">\n<p>Que ce soit pour donner un coup de jeune \u00e0 votre <strong>VTT<\/strong> pour le r\u00e9compenser de ses bons et loyaux services ou pour am\u00e9liorer les performances de votre <strong>motocyclette<\/strong>, nous offrons un large choix de pi\u00e8ces et d&rsquo;accessoires en tout genre.<\/p>\n<p>Si par malchance nous n&rsquo;avons pas la pi\u00e8ce qu&rsquo;il vous manque, n&rsquo;h\u00e9sitez pas \u00e0 <a href=\"#sidebar\">nous contacter<\/a> pour qu&rsquo;on la commande aupr\u00e8s de notre fournisseur. Appelez-nous si vous avez des questions \u00e9galement, nous nous ferons une joie d&rsquo;y r\u00e9pondre. N&rsquo;oubliez pas que pour tous vos besoins de pi\u00e8ces et d&rsquo;accessoires pour v\u00e9hicules de sport motoris\u00e9s, c&rsquo;est chez le Sp\u00e9cialiste du VTT \u00e0 Ste-Th\u00e9r\u00e8se que \u00e7a se passe.<\/p>\n<\/div>\n","protected":false},"excerpt":{"rendered":"<p>Votre v\u00e9hicule r\u00e9cr\u00e9atif sera aux anges si vous lui fournissez une pi\u00e8ce ou un accessoire de notre inventaire. Nous disposons de tout le n\u00e9cessaire pour l&#8217;embellir, l&rsquo;am\u00e9liorer ou le r\u00e9parer. De m\u00eame, nous avons tout l&rsquo;\u00e9quipement dont vous allez avoir besoin pour piloter avec style et s\u00e9curit\u00e9. Parcourez donc sans plus attendre notre large gamme &hellip; <a href=\"https:\/\/www.lespecialisteduvtt.com\/fr\/pieces\/\">Suite<\/a><\/p>\n","protected":false},"author":1,"featured_media":0,"parent":0,"menu_order":0,"comment_status":"closed","ping_status":"closed","template":"template-parts.php","meta":[],"acf":{"content_featured_type":"image","content_featured_slider":false,"content_featured_image":{"ID":28186,"id":28186,"title":"img-pieces","filename":"img-pieces.jpg","filesize":181244,"url":"https:\/\/www.lespecialisteduvtt.com\/wp-content\/uploads\/2019\/10\/img-pieces.jpg","link":"https:\/\/www.lespecialisteduvtt.com\/fr\/contact\/img-pieces\/","alt":"","author":"1","description":"","caption":"","name":"img-pieces","status":"inherit","uploaded_to":301,"date":"2019-10-07 20:20:23","modified":"2019-10-07 20:20:23","menu_order":0,"mime_type":"image\/jpeg","type":"image","subtype":"jpeg","icon":"https:\/\/www.lespecialisteduvtt.com\/wp-includes\/images\/media\/default.png","width":750,"height":330,"sizes":{"thumbnail":"https:\/\/www.lespecialisteduvtt.com\/wp-content\/uploads\/2019\/10\/img-pieces-150x150.jpg","thumbnail-width":150,"thumbnail-height":150,"medium":"https:\/\/www.lespecialisteduvtt.com\/wp-content\/uploads\/2019\/10\/img-pieces-300x132.jpg","medium-width":300,"medium-height":132,"medium_large":"https:\/\/www.lespecialisteduvtt.com\/wp-content\/uploads\/2019\/10\/img-pieces.jpg","medium_large-width":750,"medium_large-height":330,"large":"https:\/\/www.lespecialisteduvtt.com\/wp-content\/uploads\/2019\/10\/img-pieces.jpg","large-width":750,"large-height":330,"1536x1536":"https:\/\/www.lespecialisteduvtt.com\/wp-content\/uploads\/2019\/10\/img-pieces.jpg","1536x1536-width":750,"1536x1536-height":330,"2048x2048":"https:\/\/www.lespecialisteduvtt.com\/wp-content\/uploads\/2019\/10\/img-pieces.jpg","2048x2048-width":750,"2048x2048-height":330,"article-details":"https:\/\/www.lespecialisteduvtt.com\/wp-content\/uploads\/2019\/10\/img-pieces-745x328.jpg","article-details-width":745,"article-details-height":328,"article-listing":"https:\/\/www.lespecialisteduvtt.com\/wp-content\/uploads\/2019\/10\/img-pieces-745x328.jpg","article-listing-width":745,"article-listing-height":328,"event-details":"https:\/\/www.lespecialisteduvtt.com\/wp-content\/uploads\/2019\/10\/img-pieces.jpg","event-details-width":745,"event-details-height":328,"event-listing":"https:\/\/www.lespecialisteduvtt.com\/wp-content\/uploads\/2019\/10\/img-pieces.jpg","event-listing-width":745,"event-listing-height":328,"feat-article":"https:\/\/www.lespecialisteduvtt.com\/wp-content\/uploads\/2019\/10\/img-pieces-720x317.jpg","feat-article-width":720,"feat-article-height":317,"feat-cta":"https:\/\/www.lespecialisteduvtt.com\/wp-content\/uploads\/2019\/10\/img-pieces-745x328.jpg","feat-cta-width":745,"feat-cta-height":328,"feat-content":"https:\/\/www.lespecialisteduvtt.com\/wp-content\/uploads\/2019\/10\/img-pieces-745x328.jpg","feat-content-width":745,"feat-content-height":328,"feat-event":"https:\/\/www.lespecialisteduvtt.com\/wp-content\/uploads\/2019\/10\/img-pieces.jpg","feat-event-width":720,"feat-event-height":317,"feat-makes":"https:\/\/www.lespecialisteduvtt.com\/wp-content\/uploads\/2019\/10\/img-pieces-182x80.jpg","feat-makes-width":182,"feat-makes-height":80,"feat-related":"https:\/\/www.lespecialisteduvtt.com\/wp-content\/uploads\/2019\/10\/img-pieces-720x317.jpg","feat-related-width":720,"feat-related-height":317,"filter-category":"https:\/\/www.lespecialisteduvtt.com\/wp-content\/uploads\/2019\/10\/img-pieces.jpg","filter-category-width":486,"filter-category-height":214,"products-listing-new":"https:\/\/www.lespecialisteduvtt.com\/wp-content\/uploads\/2019\/10\/img-pieces-460x202.jpg","products-listing-new-width":460,"products-listing-new-height":202,"products-gallery":"https:\/\/www.lespecialisteduvtt.com\/wp-content\/uploads\/2019\/10\/img-pieces-745x328.jpg","products-gallery-width":745,"products-gallery-height":328,"promos-details":"https:\/\/www.lespecialisteduvtt.com\/wp-content\/uploads\/2019\/10\/img-pieces-745x328.jpg","promos-details-width":745,"promos-details-height":328,"promos-listing":"https:\/\/www.lespecialisteduvtt.com\/wp-content\/uploads\/2019\/10\/img-pieces-745x328.jpg","promos-listing-width":745,"promos-listing-height":328,"relative-product-article":"https:\/\/www.lespecialisteduvtt.com\/wp-content\/uploads\/2019\/10\/img-pieces.jpg","relative-product-article-width":745,"relative-product-article-height":328,"relative-product-event":"https:\/\/www.lespecialisteduvtt.com\/wp-content\/uploads\/2019\/10\/img-pieces.jpg","relative-product-event-width":745,"relative-product-event-height":328,"relative-product-new":"https:\/\/www.lespecialisteduvtt.com\/wp-content\/uploads\/2019\/10\/img-pieces-690x304.jpg","relative-product-new-width":690,"relative-product-new-height":304,"relative-product-promo":"https:\/\/www.lespecialisteduvtt.com\/wp-content\/uploads\/2019\/10\/img-pieces-745x328.jpg","relative-product-promo-width":745,"relative-product-promo-height":328,"slider-main":"https:\/\/www.lespecialisteduvtt.com\/wp-content\/uploads\/2019\/10\/img-pieces.jpg","slider-main-width":750,"slider-main-height":330,"slider-main-mobile":"https:\/\/www.lespecialisteduvtt.com\/wp-content\/uploads\/2019\/10\/img-pieces.jpg","slider-main-mobile-width":750,"slider-main-mobile-height":330,"slider-main-fullwidth":"https:\/\/www.lespecialisteduvtt.com\/wp-content\/uploads\/2019\/10\/img-pieces.jpg","slider-main-fullwidth-width":750,"slider-main-fullwidth-height":330,"slider-main-fullwidth-narrow":"https:\/\/www.lespecialisteduvtt.com\/wp-content\/uploads\/2019\/10\/img-pieces.jpg","slider-main-fullwidth-narrow-width":750,"slider-main-fullwidth-narrow-height":330,"map-footer":"https:\/\/www.lespecialisteduvtt.com\/wp-content\/uploads\/2019\/10\/img-pieces.jpg","map-footer-width":750,"map-footer-height":330,"map-footer-mobile":"https:\/\/www.lespecialisteduvtt.com\/wp-content\/uploads\/2019\/10\/img-pieces.jpg","map-footer-mobile-width":750,"map-footer-mobile-height":330,"map-footer-fullwidth":"https:\/\/www.lespecialisteduvtt.com\/wp-content\/uploads\/2019\/10\/img-pieces.jpg","map-footer-fullwidth-width":750,"map-footer-fullwidth-height":330,"map-footer-fullwidth-narrow":"https:\/\/www.lespecialisteduvtt.com\/wp-content\/uploads\/2019\/10\/img-pieces.jpg","map-footer-fullwidth-narrow-width":750,"map-footer-fullwidth-narrow-height":330,"team-listing":"https:\/\/www.lespecialisteduvtt.com\/wp-content\/uploads\/2019\/10\/img-pieces-450x198.jpg","team-listing-width":450,"team-listing-height":198,"team-sidebar":"https:\/\/www.lespecialisteduvtt.com\/wp-content\/uploads\/2019\/10\/img-pieces-720x317.jpg","team-sidebar-width":720,"team-sidebar-height":317,"history-timeline":"https:\/\/www.lespecialisteduvtt.com\/wp-content\/uploads\/2019\/10\/img-pieces-380x167.jpg","history-timeline-width":380,"history-timeline-height":167,"automatic-popup":"https:\/\/www.lespecialisteduvtt.com\/wp-content\/uploads\/2019\/10\/img-pieces.jpg","automatic-popup-width":750,"automatic-popup-height":330,"wc-feat-brands":"https:\/\/www.lespecialisteduvtt.com\/wp-content\/uploads\/2019\/10\/img-pieces-170x75.jpg","wc-feat-brands-width":170,"wc-feat-brands-height":75,"wc-products-details-brands":"https:\/\/www.lespecialisteduvtt.com\/wp-content\/uploads\/2019\/10\/img-pieces-170x75.jpg","wc-products-details-brands-width":170,"wc-products-details-brands-height":75}}},"_links":{"self":[{"href":"https:\/\/www.lespecialisteduvtt.com\/fr\/wp-json\/wp\/v2\/pages\/348"}],"collection":[{"href":"https:\/\/www.lespecialisteduvtt.com\/fr\/wp-json\/wp\/v2\/pages"}],"about":[{"href":"https:\/\/www.lespecialisteduvtt.com\/fr\/wp-json\/wp\/v2\/types\/page"}],"author":[{"embeddable":true,"href":"https:\/\/www.lespecialisteduvtt.com\/fr\/wp-json\/wp\/v2\/users\/1"}],"replies":[{"embeddable":true,"href":"https:\/\/www.lespecialisteduvtt.com\/fr\/wp-json\/wp\/v2\/comments?post=348"}],"version-history":[{"count":7,"href":"https:\/\/www.lespecialisteduvtt.com\/fr\/wp-json\/wp\/v2\/pages\/348\/revisions"}],"predecessor-version":[{"id":28369,"href":"https:\/\/www.lespecialisteduvtt.com\/fr\/wp-json\/wp\/v2\/pages\/348\/revisions\/28369"}],"wp:attachment":[{"href":"https:\/\/www.lespecialisteduvtt.com\/fr\/wp-json\/wp\/v2\/media?parent=348"}],"curies":[{"name":"wp","href":"https:\/\/api.w.org\/{rel}","templated":true}]}}